{"id":361,"date":"2023-11-16T09:06:08","date_gmt":"2023-11-16T09:06:08","guid":{"rendered":"https:\/\/polyfoodmachinery.com\/?page_id=361"},"modified":"2025-03-25T16:43:07","modified_gmt":"2025-03-25T08:43:07","slug":"nous-contacter","status":"publish","type":"page","link":"https:\/\/polyfoodmachinery.com\/fr\/contact-us\/","title":{"rendered":"Nous contacter"},"content":{"rendered":"<div class=\"gb-container gb-container-f29ff932\">\n<div class=\"gb-container gb-container-f342c208\">\n<div class=\"gb-container gb-container-c294cf2b\">\n<div class=\"gb-container gb-container-bdecd75e\">\n<div class=\"gb-container gb-container-5d8b0517\">\n<div class=\"gb-grid-wrapper gb-grid-wrapper-6b85e144\">\n<div class=\"gb-grid-column gb-grid-column-779d6174\"><div class=\"gb-container gb-container-779d6174\">\n\n<h1 class=\"gb-headline gb-headline-9835587b gb-headline-text\">CONTACTEZ-NOUS<\/h1>\n\n<\/div><\/div>\n\n<div class=\"gb-grid-column gb-grid-column-9c3867e7\"><div class=\"gb-container gb-container-9c3867e7\">\n\n<p class=\"gb-headline gb-headline-24ba230a gb-headline-text\"><a href=\"#popmake-1545\">Cas<\/a><\/p>\n\n<\/div><\/div>\n\n<div class=\"gb-grid-column gb-grid-column-a7b6c76d\"><div class=\"gb-container gb-container-a7b6c76d\">\n\n<p class=\"gb-headline gb-headline-94ea3a77 gb-headline-text\"><a href=\"#popmake-1545\">Vid\u00e9os<\/a><\/p>\n\n<\/div><\/div>\n\n<div class=\"gb-grid-column gb-grid-column-0e481646\"><div class=\"gb-container gb-container-0e481646\">\n\n<p class=\"gb-headline gb-headline-865fea7a gb-headline-text\"><a href=\"https:\/\/polyfoodmachinery.com\/fr\/produits\/\" target=\"_blank\" rel=\"noreferrer noopener\">Produits<\/a><\/p>\n\n<\/div><\/div>\n\n<div class=\"gb-grid-column gb-grid-column-4a9f6132\"><div class=\"gb-container gb-container-4a9f6132\"><a class=\"gb-container-link\" href=\"#popmake-1545\"><\/a>\n\n<p class=\"gb-headline gb-headline-b9e7a557 gb-headline-text\">QUOTE NOW<\/p>\n\n<\/div><\/div>\n<\/div>\n<\/div>\n<\/div>\n<\/div>\n<\/div>\n<\/div>\n\n<div class=\"gb-container gb-container-c17aa9e5\">\n<div class=\"gb-container gb-container-f82d8a5c\">\n<div class=\"gb-container gb-container-bcc87e05\">\n<div class=\"gb-container gb-container-8ab2c2a5\">\n<div class=\"gb-container gb-container-afa6a317\">\n<div class=\"gb-grid-wrapper gb-grid-wrapper-32ef5a16\">\n<div class=\"gb-grid-column gb-grid-column-27de2804\"><div class=\"gb-container gb-container-27de2804\">\n\n<h1 class=\"gb-headline gb-headline-b3db5184 gb-headline-text\">CONTACTEZ-NOUS<\/h1>\n\n<\/div><\/div>\n\n<div class=\"gb-grid-column gb-grid-column-409474c2\"><div class=\"gb-container gb-container-409474c2\">\n\n<p class=\"gb-headline gb-headline-953943c6 gb-headline-text\"><a href=\"#popmake-1545\">Cas<\/a><\/p>\n\n<\/div><\/div>\n\n<div class=\"gb-grid-column gb-grid-column-55ff56e8\"><div class=\"gb-container gb-container-55ff56e8\">\n\n<p class=\"gb-headline gb-headline-9f04f52b gb-headline-text\"><a href=\"#popmake-1545\">Vid\u00e9os<\/a><\/p>\n\n<\/div><\/div>\n\n<div class=\"gb-grid-column gb-grid-column-0c98db19\"><div class=\"gb-container gb-container-0c98db19\">\n\n<p class=\"gb-headline gb-headline-f2ee980f gb-headline-text\"><a href=\"https:\/\/polyfoodmachinery.com\/fr\/produits\/\">Produits<\/a><\/p>\n\n<\/div><\/div>\n\n<div class=\"gb-grid-column gb-grid-column-79d7baa9\"><div class=\"gb-container gb-container-79d7baa9\"><a class=\"gb-container-link\" href=\"#popmake-1545\"><\/a>\n\n<p class=\"gb-headline gb-headline-ce9db333 gb-headline-text\">QUOTE NOW<\/p>\n\n<\/div><\/div>\n<\/div>\n<\/div>\n<\/div>\n<\/div>\n<\/div>\n<\/div>\n\n<div class=\"gb-container gb-container-ea7a6be3\">\n<div class=\"gb-container gb-container-2576fecb\">\n<div class=\"gb-container gb-container-ade6e838\">\n<div class=\"gb-grid-wrapper gb-grid-wrapper-68a2130d\">\n<div class=\"gb-grid-column gb-grid-column-a0280f94\"><div class=\"gb-container gb-container-a0280f94\">\n\n<h3 class=\"gb-headline gb-headline-c9151c26 gb-headline-text\">Coordonn\u00e9es<\/h3>\n\n\n\n<p class=\"gb-headline gb-headline-3fde46f0 gb-headline-text\">N'h\u00e9sitez pas \u00e0 nous contacter pour toute question concernant nos secteurs d'activit\u00e9 ou nos projets.<\/p>\n\n\n<div class=\"gb-grid-wrapper gb-grid-wrapper-0e176c48\">\n<div class=\"gb-grid-column gb-grid-column-95647227\"><div class=\"gb-container gb-container-95647227\">\n\n<h5 class=\"gb-headline gb-headline-58619f45\"><span class=\"gb-icon\"><svg height=\"200\" width=\"200\" xmlns=\"http:\/\/www.w3.org\/2000\/svg\" version=\"1.1\" viewbox=\"0 0 1024 1024\" class=\"icon\"><path d=\"M946.5 505L560.1 118.8l-25.9-25.9c-12.3-12.2-32.1-12.2-44.4 0L77.5 505c-12.3 12.3-18.9 28.6-18.8 46 0.4 35.2 29.7 63.3 64.9 63.3h42.5V940h691.8V614.3h43.4c17.1 0 33.2-6.7 45.3-18.8 12.1-12.1 18.7-28.2 18.7-45.3 0-17-6.7-33.1-18.8-45.2zM568 868H456V664h112v204z m217.9-325.7V868H632V640c0-22.1-17.9-40-40-40H432c-22.1 0-40 17.9-40 40v228H238.1V542.3h-96l370-369.7 23.1 23.1L882 542.3h-96.1z\"><\/path><\/svg><\/span><\/h5>\n\n<\/div><\/div>\n\n<div class=\"gb-grid-column gb-grid-column-eecc7b65\"><div class=\"gb-container gb-container-eecc7b65\">\n\n<h5 class=\"gb-headline gb-headline-41c18901 gb-headline-text\">Adresse du bureau<\/h5>\n\n\n\n<h6 class=\"gb-headline gb-headline-d33363f8 gb-headline-text\">Zhengzhou, Henan, Chine<\/h6>\n\n<\/div><\/div>\n\n<div class=\"gb-grid-column gb-grid-column-619c3090\"><div class=\"gb-container gb-container-619c3090\">\n\n<h5 class=\"gb-headline gb-headline-6907e347\"><span class=\"gb-icon\"><svg aria-hidden=\"true\" role=\"img\" height=\"1em\" width=\"1em\" viewbox=\"0 0 512 512\" xmlns=\"http:\/\/www.w3.org\/2000\/svg\"><path fill=\"currentColor\" d=\"M464 64H48C21.49 64 0 85.49 0 112v288c0 26.51 21.49 48 48 48h416c26.51 0 48-21.49 48-48V112c0-26.51-21.49-48-48-48zm0 48v40.805c-22.422 18.259-58.168 46.651-134.587 106.49-16.841 13.247-50.201 45.072-73.413 44.701-23.208.375-56.579-31.459-73.413-44.701C106.18 199.465 70.425 171.067 48 152.805V112h416zM48 400V214.398c22.914 18.251 55.409 43.862 104.938 82.646 21.857 17.205 60.134 55.186 103.062 54.955 42.717.231 80.509-37.199 103.053-54.947 49.528-38.783 82.032-64.401 104.947-82.653V400H48z\"><\/path><\/svg><\/span><\/h5>\n\n<\/div><\/div>\n\n<div class=\"gb-grid-column gb-grid-column-5c952fc6\"><div class=\"gb-container gb-container-5c952fc6\">\n\n<h5 class=\"gb-headline gb-headline-c4037c22 gb-headline-text\">Courriel<\/h5>\n\n\n\n<h6 class=\"gb-headline gb-headline-d21bbca3 gb-headline-text\"><a href=\"mailto:inquiry@polyfoodmachinery.com\" target=\"_blank\" rel=\"noreferrer noopener\">inquiry@polyfoodmachinery.com<\/a><\/h6>\n\n<\/div><\/div>\n<\/div>\n<\/div><\/div>\n\n<div class=\"gb-grid-column gb-grid-column-10e6cbb0\"><div class=\"gb-container gb-container-10e6cbb0\">\n\n<h2 class=\"gb-headline gb-headline-a4c4bd37 gb-headline-text\">Personnalisez votre plan<\/h2>\n\n\n<div class=\"gb-container gb-container-9e0b3066\">\n\n<div class=\"wp-block-contact-form-7-contact-form-selector\">\n<div class=\"wpcf7 no-js\" id=\"wpcf7-f38-o1\" lang=\"en-US\" dir=\"ltr\" data-wpcf7-id=\"38\">\n<div class=\"screen-reader-response\"><p role=\"status\" aria-live=\"polite\" aria-atomic=\"true\"><\/p> <ul><\/ul><\/div>\n<form action=\"\/fr\/wp-json\/wp\/v2\/pages\/361#wpcf7-f38-o1\" method=\"post\" class=\"wpcf7-form init\" aria-label=\"Formulaire de contact\" novalidate=\"novalidate\" data-status=\"init\" data-trp-original-action=\"\/fr\/wp-json\/wp\/v2\/pages\/361#wpcf7-f38-o1\">\n<fieldset class=\"hidden-fields-container\"><input type=\"hidden\" name=\"_wpcf7\" value=\"38\" \/><input type=\"hidden\" name=\"_wpcf7_version\" value=\"6.1.5\" \/><input type=\"hidden\" name=\"_wpcf7_locale\" value=\"en_US\" \/><input type=\"hidden\" name=\"_wpcf7_unit_tag\" value=\"wpcf7-f38-o1\" \/><input type=\"hidden\" name=\"_wpcf7_container_post\" value=\"0\" \/><input type=\"hidden\" name=\"_wpcf7_posted_data_hash\" value=\"\" \/>\n<\/fieldset>\n<p><label><span class=\"wpcf7-form-control-wrap\" data-name=\"your-name\"><input size=\"40\" maxlength=\"400\" class=\"wpcf7-form-control wpcf7-text wpcf7-validates-as-required\" aria-required=\"true\" aria-invalid=\"false\" placeholder=\"Nom*\" value=\"\" type=\"text\" name=\"your-name\" \/><\/span><\/label>\n<\/p>\n<p><label><span class=\"wpcf7-form-control-wrap\" data-name=\"your-email\"><input size=\"40\" maxlength=\"400\" class=\"wpcf7-form-control wpcf7-email wpcf7-validates-as-required wpcf7-text wpcf7-validates-as-email\" aria-required=\"true\" aria-invalid=\"false\" placeholder=\"Courriel*\" value=\"\" type=\"email\" name=\"your-email\" \/><\/span><\/label>\n<\/p>\n<p><label><span class=\"wpcf7-form-control-wrap\" data-name=\"your-tel\"><input size=\"40\" maxlength=\"400\" class=\"wpcf7-form-control wpcf7-tel wpcf7-validates-as-required wpcf7-text wpcf7-validates-as-tel\" aria-required=\"true\" aria-invalid=\"false\" placeholder=\"T\u00e9l\u00e9phone*\" value=\"\" type=\"tel\" name=\"your-tel\" \/><\/span><\/label>\n<\/p>\n<p><label><span class=\"wpcf7-form-control-wrap\" data-name=\"your-message\"><textarea cols=\"40\" rows=\"10\" maxlength=\"2000\" class=\"wpcf7-form-control wpcf7-textarea wpcf7-validates-as-required\" aria-required=\"true\" aria-invalid=\"false\" placeholder=\"Message* : 1. Quelle machine pr\u00e9f\u00e9rez-vous ? 2. votre production pr\u00e9vue (capacit\u00e9 ?)3. vos produits finis (snacks frits\/porridge\/autre) ?\" name=\"your-message\"><\/textarea><\/span> <\/label>\n<\/p>\n<p><input class=\"wpcf7-form-control wpcf7-submit has-spinner\" type=\"submit\" value=\"Soumettre\" \/>\n<\/p><input type=\"hidden\" id=\"ct_checkjs_cf7_acf4b89d3d503d8252c9c4ba75ddbf6d\" name=\"ct_checkjs_cf7\" value=\"0\" \/><script >setTimeout(function(){var ct_input_name = \"ct_checkjs_cf7_acf4b89d3d503d8252c9c4ba75ddbf6d\";if (document.getElementById(ct_input_name) !== null) {var ct_input_value = document.getElementById(ct_input_name).value;document.getElementById(ct_input_name).value = document.getElementById(ct_input_name).value.replace(ct_input_value, '8efd5de6bb4cd0a0eae8d1af5a0efdc9703d35bc2a108fdba32ba5300d9678f2');}}, 1000);<\/script><input\n                    class=\"apbct_special_field apbct_email_id__wp_contact_form_7\"\n                    name=\"apbct__email_id__wp_contact_form_7\"\n                    aria-label=\"apbct__label_id__wp_contact_form_7\"\n                    type=\"text\" size=\"30\" maxlength=\"200\" autocomplete=\"off\"\n                    value=\"\"\n                \/><p style=\"display: none !important;\" class=\"akismet-fields-container\" data-prefix=\"_wpcf7_ak_\"><label>&#916;<textarea name=\"_wpcf7_ak_hp_textarea\" cols=\"45\" rows=\"8\" maxlength=\"100\"><\/textarea><\/label><input type=\"hidden\" id=\"ak_js_1\" name=\"_wpcf7_ak_js\" value=\"28\"\/><script>document.getElementById( \"ak_js_1\" ).setAttribute( \"value\", ( new Date() ).getTime() );<\/script><\/p><input type='hidden' class='wpcf7-pum' value='{\"closepopup\":false,\"closedelay\":0,\"openpopup\":false,\"openpopup_id\":0}' \/><div class=\"wpcf7-response-output\" aria-hidden=\"true\"><\/div>\n<input type=\"hidden\" name=\"trp-form-language\" value=\"fr\"\/><\/form>\n<\/div>\n<\/div>\n\n<\/div>\n<\/div><\/div>\n<\/div>\n<\/div>\n<\/div>\n<\/div>","protected":false},"excerpt":{"rendered":"","protected":false},"author":1,"featured_media":0,"parent":0,"menu_order":0,"comment_status":"closed","ping_status":"closed","template":"","meta":{"footnotes":""},"class_list":["post-361","page","type-page","status-publish"],"yoast_head":"<!-- This site is optimized with the Yoast SEO plugin v27.4 - https:\/\/yoast.com\/product\/yoast-seo-wordpress\/ -->\n<title>Contact Us - Poly Food Machinery<\/title>\n<meta name=\"robots\" content=\"index, follow, max-snippet:-1, max-image-preview:large, max-video-preview:-1\" \/>\n<link rel=\"canonical\" href=\"https:\/\/polyfoodmachinery.com\/fr\/nous-contacter\/\" \/>\n<meta property=\"og:locale\" content=\"fr_FR\" \/>\n<meta property=\"og:type\" content=\"article\" \/>\n<meta property=\"og:title\" content=\"Contact Us - Poly Food Machinery\" \/>\n<meta property=\"og:url\" content=\"https:\/\/polyfoodmachinery.com\/fr\/nous-contacter\/\" \/>\n<meta property=\"og:site_name\" content=\"Poly Food Machinery\" \/>\n<meta property=\"article:modified_time\" content=\"2025-03-25T08:43:07+00:00\" \/>\n<meta name=\"twitter:card\" content=\"summary_large_image\" \/>\n<meta name=\"twitter:label1\" content=\"Dur\u00e9e de lecture estim\u00e9e\" \/>\n\t<meta name=\"twitter:data1\" content=\"1 minute\" \/>\n<script type=\"application\/ld+json\" class=\"yoast-schema-graph\">{\"@context\":\"https:\\\/\\\/schema.org\",\"@graph\":[{\"@type\":\"WebPage\",\"@id\":\"https:\\\/\\\/polyfoodmachinery.com\\\/contact-us\\\/\",\"url\":\"https:\\\/\\\/polyfoodmachinery.com\\\/contact-us\\\/\",\"name\":\"Contact Us - Poly Food Machinery\",\"isPartOf\":{\"@id\":\"https:\\\/\\\/polyfoodmachinery.com\\\/#website\"},\"datePublished\":\"2023-11-16T09:06:08+00:00\",\"dateModified\":\"2025-03-25T08:43:07+00:00\",\"breadcrumb\":{\"@id\":\"https:\\\/\\\/polyfoodmachinery.com\\\/contact-us\\\/#breadcrumb\"},\"inLanguage\":\"fr-FR\",\"potentialAction\":[{\"@type\":\"ReadAction\",\"target\":[\"https:\\\/\\\/polyfoodmachinery.com\\\/contact-us\\\/\"]}]},{\"@type\":\"BreadcrumbList\",\"@id\":\"https:\\\/\\\/polyfoodmachinery.com\\\/contact-us\\\/#breadcrumb\",\"itemListElement\":[{\"@type\":\"ListItem\",\"position\":1,\"name\":\"Home\",\"item\":\"https:\\\/\\\/polyfoodmachinery.com\\\/\"},{\"@type\":\"ListItem\",\"position\":2,\"name\":\"Contact Us\"}]},{\"@type\":\"WebSite\",\"@id\":\"https:\\\/\\\/polyfoodmachinery.com\\\/#website\",\"url\":\"https:\\\/\\\/polyfoodmachinery.com\\\/\",\"name\":\"Poly Food Machinery\",\"description\":\"Leading Food Machinery Manufacturer in China\",\"publisher\":{\"@id\":\"https:\\\/\\\/polyfoodmachinery.com\\\/#organization\"},\"potentialAction\":[{\"@type\":\"SearchAction\",\"target\":{\"@type\":\"EntryPoint\",\"urlTemplate\":\"https:\\\/\\\/polyfoodmachinery.com\\\/?s={search_term_string}\"},\"query-input\":{\"@type\":\"PropertyValueSpecification\",\"valueRequired\":true,\"valueName\":\"search_term_string\"}}],\"inLanguage\":\"fr-FR\"},{\"@type\":\"Organization\",\"@id\":\"https:\\\/\\\/polyfoodmachinery.com\\\/#organization\",\"name\":\"Poly Food Machinery\",\"url\":\"https:\\\/\\\/polyfoodmachinery.com\\\/\",\"logo\":{\"@type\":\"ImageObject\",\"inLanguage\":\"fr-FR\",\"@id\":\"https:\\\/\\\/polyfoodmachinery.com\\\/#\\\/schema\\\/logo\\\/image\\\/\",\"url\":\"https:\\\/\\\/polyfoodmachinery.com\\\/wp-content\\\/uploads\\\/2023\\\/11\\\/polyfood-logo-pink.png\",\"contentUrl\":\"https:\\\/\\\/polyfoodmachinery.com\\\/wp-content\\\/uploads\\\/2023\\\/11\\\/polyfood-logo-pink.png\",\"width\":300,\"height\":80,\"caption\":\"Poly Food Machinery\"},\"image\":{\"@id\":\"https:\\\/\\\/polyfoodmachinery.com\\\/#\\\/schema\\\/logo\\\/image\\\/\"}}]}<\/script>\n<!-- \/ Yoast SEO plugin. -->","yoast_head_json":{"title":"Nous contacter - Poly Food Machinery","robots":{"index":"index","follow":"follow","max-snippet":"max-snippet:-1","max-image-preview":"max-image-preview:large","max-video-preview":"max-video-preview:-1"},"canonical":"https:\/\/polyfoodmachinery.com\/fr\/nous-contacter\/","og_locale":"fr_FR","og_type":"article","og_title":"Contact Us - Poly Food Machinery","og_url":"https:\/\/polyfoodmachinery.com\/fr\/nous-contacter\/","og_site_name":"Poly Food Machinery","article_modified_time":"2025-03-25T08:43:07+00:00","twitter_card":"summary_large_image","twitter_misc":{"Dur\u00e9e de lecture estim\u00e9e":"1 minute"},"schema":{"@context":"https:\/\/schema.org","@graph":[{"@type":"WebPage","@id":"https:\/\/polyfoodmachinery.com\/contact-us\/","url":"https:\/\/polyfoodmachinery.com\/contact-us\/","name":"Nous contacter - Poly Food Machinery","isPartOf":{"@id":"https:\/\/polyfoodmachinery.com\/#website"},"datePublished":"2023-11-16T09:06:08+00:00","dateModified":"2025-03-25T08:43:07+00:00","breadcrumb":{"@id":"https:\/\/polyfoodmachinery.com\/contact-us\/#breadcrumb"},"inLanguage":"fr-FR","potentialAction":[{"@type":"ReadAction","target":["https:\/\/polyfoodmachinery.com\/contact-us\/"]}]},{"@type":"BreadcrumbList","@id":"https:\/\/polyfoodmachinery.com\/contact-us\/#breadcrumb","itemListElement":[{"@type":"ListItem","position":1,"name":"Home","item":"https:\/\/polyfoodmachinery.com\/"},{"@type":"ListItem","position":2,"name":"Contact Us"}]},{"@type":"WebSite","@id":"https:\/\/polyfoodmachinery.com\/#website","url":"https:\/\/polyfoodmachinery.com\/","name":"Machines polyalimentaires","description":"Fabricant leader de machines alimentaires en Chine","publisher":{"@id":"https:\/\/polyfoodmachinery.com\/#organization"},"potentialAction":[{"@type":"SearchAction","target":{"@type":"EntryPoint","urlTemplate":"https:\/\/polyfoodmachinery.com\/?s={search_term_string}"},"query-input":{"@type":"PropertyValueSpecification","valueRequired":true,"valueName":"search_term_string"}}],"inLanguage":"fr-FR"},{"@type":"Organization","@id":"https:\/\/polyfoodmachinery.com\/#organization","name":"Machines polyalimentaires","url":"https:\/\/polyfoodmachinery.com\/","logo":{"@type":"ImageObject","inLanguage":"fr-FR","@id":"https:\/\/polyfoodmachinery.com\/#\/schema\/logo\/image\/","url":"https:\/\/polyfoodmachinery.com\/wp-content\/uploads\/2023\/11\/polyfood-logo-pink.png","contentUrl":"https:\/\/polyfoodmachinery.com\/wp-content\/uploads\/2023\/11\/polyfood-logo-pink.png","width":300,"height":80,"caption":"Poly Food Machinery"},"image":{"@id":"https:\/\/polyfoodmachinery.com\/#\/schema\/logo\/image\/"}}]}},"_links":{"self":[{"href":"https:\/\/polyfoodmachinery.com\/fr\/wp-json\/wp\/v2\/pages\/361","targetHints":{"allow":["GET"]}}],"collection":[{"href":"https:\/\/polyfoodmachinery.com\/fr\/wp-json\/wp\/v2\/pages"}],"about":[{"href":"https:\/\/polyfoodmachinery.com\/fr\/wp-json\/wp\/v2\/types\/page"}],"author":[{"embeddable":true,"href":"https:\/\/polyfoodmachinery.com\/fr\/wp-json\/wp\/v2\/users\/1"}],"replies":[{"embeddable":true,"href":"https:\/\/polyfoodmachinery.com\/fr\/wp-json\/wp\/v2\/comments?post=361"}],"version-history":[{"count":12,"href":"https:\/\/polyfoodmachinery.com\/fr\/wp-json\/wp\/v2\/pages\/361\/revisions"}],"predecessor-version":[{"id":2440,"href":"https:\/\/polyfoodmachinery.com\/fr\/wp-json\/wp\/v2\/pages\/361\/revisions\/2440"}],"wp:attachment":[{"href":"https:\/\/polyfoodmachinery.com\/fr\/wp-json\/wp\/v2\/media?parent=361"}],"curies":[{"name":"wp","href":"https:\/\/api.w.org\/{rel}","templated":true}]}}